{"id":10549,"date":"2021-07-09T11:07:59","date_gmt":"2021-07-09T16:07:59","guid":{"rendered":"https:\/\/microcreditmontreal.ca\/?page_id=10549"},"modified":"2023-09-20T15:15:46","modified_gmt":"2023-09-20T20:15:46","slug":"terms-of-use","status":"publish","type":"page","link":"https:\/\/microcreditmontreal.ca\/en\/terms-of-use\/","title":{"rendered":"Terms of Use"},"content":{"rendered":"\t\t<div data-elementor-type=\"wp-page\" data-elementor-id=\"10549\" class=\"elementor elementor-10549\" data-elementor-post-type=\"page\">\n\t\t\t\t\t\t<section class=\"elementor-section elementor-top-section elementor-element elementor-element-8997e27 elementor-section-boxed elementor-section-height-default elementor-section-height-default\" data-id=\"8997e27\" data-element_type=\"section\" data-e-type=\"section\">\n\t\t\t\t\t\t<div class=\"elementor-container elementor-column-gap-default\">\n\t\t\t\t\t<div class=\"elementor-column elementor-col-100 elementor-top-column elementor-element elementor-element-59d7c83\" data-id=\"59d7c83\" data-element_type=\"column\" data-e-type=\"column\">\n\t\t\t<div class=\"elementor-widget-wrap elementor-element-populated\">\n\t\t\t\t\t\t<div class=\"elementor-element elementor-element-327fb9c elementor-widget elementor-widget-heading\" data-id=\"327fb9c\" data-element_type=\"widget\" data-e-type=\"widget\" data-widget_type=\"heading.default\">\n\t\t\t\t\t<h1 class=\"elementor-heading-title elementor-size-default\">Terms of Use of Microcr\u00e9dit Montr\u00e9al\u2019s website<\/h1>\t\t\t\t<\/div>\n\t\t\t\t<div class=\"elementor-element elementor-element-9abd6fe elementor-widget elementor-widget-text-editor\" data-id=\"9abd6fe\" data-element_type=\"widget\" data-e-type=\"widget\" data-widget_type=\"text-editor.default\">\n\t\t\t\t\t\t\t\t\t<p>We are pleased to welcome you to Microcr\u00e9dit Montr\u00e9al&#8217;s website www.microcreditmontreal.ca (the &#8220;website&#8221;). The use of our website is subject to the following terms of use, as well as our privacy policy. Please do not access the website if you do not fully accept these terms, without limit or reservation. By accessing the site, you agree to the conditions set out below.\u00a0<span style=\"color: var( --e-global-color-text ); font-size: 1rem;\">Microcr\u00e9dit Montreal reserves the right, at its discretion, to update, review, modify or add to the website&#8217;s terms of use, at any time and without notice.<\/span><\/p>\t\t\t\t\t\t\t\t<\/div>\n\t\t\t\t\t<\/div>\n\t\t<\/div>\n\t\t\t\t\t<\/div>\n\t\t<\/section>\n\t\t\t\t<section class=\"elementor-section elementor-top-section elementor-element elementor-element-d3e9f84 elementor-section-boxed elementor-section-height-default elementor-section-height-default\" data-id=\"d3e9f84\" data-element_type=\"section\" data-e-type=\"section\">\n\t\t\t\t\t\t<div class=\"elementor-container elementor-column-gap-default\">\n\t\t\t\t\t<div class=\"elementor-column elementor-col-100 elementor-top-column elementor-element elementor-element-3278831\" data-id=\"3278831\" data-element_type=\"column\" data-e-type=\"column\">\n\t\t\t<div class=\"elementor-widget-wrap elementor-element-populated\">\n\t\t\t\t\t\t<div class=\"elementor-element elementor-element-902376e elementor-widget elementor-widget-heading\" data-id=\"902376e\" data-element_type=\"widget\" data-e-type=\"widget\" data-widget_type=\"heading.default\">\n\t\t\t\t\t<h3 class=\"elementor-heading-title elementor-size-default\">OWNERSHIP<\/h3>\t\t\t\t<\/div>\n\t\t\t\t<div class=\"elementor-element elementor-element-b048082 elementor-widget elementor-widget-text-editor\" data-id=\"b048082\" data-element_type=\"widget\" data-e-type=\"widget\" data-widget_type=\"text-editor.default\">\n\t\t\t\t\t\t\t\t\t<p>The items on the website, including texts, images, logos, illustrations, software, audio files and music videos, belong to Microcr\u00e9dit Montr\u00e9al or are provided by us under a license or accompanied by the reference and source. These items are protected by copyright, trademark and other laws pertaining to intellectual property. Any unauthorized use or reproduction of items on the website is strictly prohibited.\u00a0<\/p><p>Items on the website may not be copied, reproduced, re-published, re-posted, posted, transmitted, distributed or modified, in whole or in part, either in textual, graphic, audio, video or executable form, without our written permission.\u00a0<\/p><p>To use our photos or our logo, the original author must be identified as the source and referenced. For more information, please contact us at info@microcreditmontreal.ca\u00a0 \u00a0<\/p>\t\t\t\t\t\t\t\t<\/div>\n\t\t\t\t\t<\/div>\n\t\t<\/div>\n\t\t\t\t\t<\/div>\n\t\t<\/section>\n\t\t\t\t<section class=\"elementor-section elementor-top-section elementor-element elementor-element-b1fe098 elementor-section-boxed elementor-section-height-default elementor-section-height-default\" data-id=\"b1fe098\" data-element_type=\"section\" data-e-type=\"section\">\n\t\t\t\t\t\t<div class=\"elementor-container elementor-column-gap-default\">\n\t\t\t\t\t<div class=\"elementor-column elementor-col-100 elementor-top-column elementor-element elementor-element-64651c2\" data-id=\"64651c2\" data-element_type=\"column\" data-e-type=\"column\">\n\t\t\t<div class=\"elementor-widget-wrap elementor-element-populated\">\n\t\t\t\t\t\t<div class=\"elementor-element elementor-element-544dd70 elementor-widget elementor-widget-heading\" data-id=\"544dd70\" data-element_type=\"widget\" data-e-type=\"widget\" data-widget_type=\"heading.default\">\n\t\t\t\t\t<h3 class=\"elementor-heading-title elementor-size-default\">EXCLUSION OF LIABILITY<\/h3>\t\t\t\t<\/div>\n\t\t\t\t<div class=\"elementor-element elementor-element-8a826f7 elementor-widget elementor-widget-text-editor\" data-id=\"8a826f7\" data-element_type=\"widget\" data-e-type=\"widget\" data-widget_type=\"text-editor.default\">\n\t\t\t\t\t\t\t\t\t<p>The information and\/or documents available on the website may be changed at any time, and may have been updated. In particular, they may have been updated between the time they were downloaded and the time the user became aware of them.\u00a0\u00a0<\/p><p>Microcr\u00e9dit Montr\u00e9al does not warrant the accuracy, relevance or reliability of the website&#8217;s contents, nor does it guarantee that the contents will be available without errors or omissions. Microcr\u00e9dit Montr\u00e9al assumes no liability for viruses, worms or invasive or destructive computer programs or for personal information that may be intercepted by third parties on the website. You are solely responsible for the use and interpretation of the information contained on the website.\u00a0<\/p><p>Microcr\u00e9dit Montr\u00e9al shall not be liable for any direct, indirect, incidental or punitive damage that may result from the use of the website, its contents or the impossibility to use it, even where Microcr\u00e9dit Montr\u00e9al has been advised thereof.\u00a0<\/p>\t\t\t\t\t\t\t\t<\/div>\n\t\t\t\t\t<\/div>\n\t\t<\/div>\n\t\t\t\t\t<\/div>\n\t\t<\/section>\n\t\t\t\t<section class=\"elementor-section elementor-top-section elementor-element elementor-element-59748a0 elementor-section-boxed elementor-section-height-default elementor-section-height-default\" data-id=\"59748a0\" data-element_type=\"section\" data-e-type=\"section\">\n\t\t\t\t\t\t<div class=\"elementor-container elementor-column-gap-default\">\n\t\t\t\t\t<div class=\"elementor-column elementor-col-100 elementor-top-column elementor-element elementor-element-0518831\" data-id=\"0518831\" data-element_type=\"column\" data-e-type=\"column\">\n\t\t\t<div class=\"elementor-widget-wrap elementor-element-populated\">\n\t\t\t\t\t\t<div class=\"elementor-element elementor-element-2eef38e elementor-widget elementor-widget-heading\" data-id=\"2eef38e\" data-element_type=\"widget\" data-e-type=\"widget\" data-widget_type=\"heading.default\">\n\t\t\t\t\t<h3 class=\"elementor-heading-title elementor-size-default\">HYPERLINKS<\/h3>\t\t\t\t<\/div>\n\t\t\t\t<div class=\"elementor-element elementor-element-24c85a1 elementor-widget elementor-widget-text-editor\" data-id=\"24c85a1\" data-element_type=\"widget\" data-e-type=\"widget\" data-widget_type=\"text-editor.default\">\n\t\t\t\t\t\t\t\t\t<p>The website contains links to third-party sites or external sources for your convenience only. We are not affiliated with these sites, cannot guarantee the accuracy or quality of these sources and are not responsible for their content.<\/p>\t\t\t\t\t\t\t\t<\/div>\n\t\t\t\t\t<\/div>\n\t\t<\/div>\n\t\t\t\t\t<\/div>\n\t\t<\/section>\n\t\t\t\t<section class=\"elementor-section elementor-top-section elementor-element elementor-element-cbaf66c elementor-section-boxed elementor-section-height-default elementor-section-height-default\" data-id=\"cbaf66c\" data-element_type=\"section\" data-e-type=\"section\">\n\t\t\t\t\t\t<div class=\"elementor-container elementor-column-gap-default\">\n\t\t\t\t\t<div class=\"elementor-column elementor-col-100 elementor-top-column elementor-element elementor-element-adea93d\" data-id=\"adea93d\" data-element_type=\"column\" data-e-type=\"column\">\n\t\t\t<div class=\"elementor-widget-wrap elementor-element-populated\">\n\t\t\t\t\t\t<div class=\"elementor-element elementor-element-1f29ecf elementor-widget elementor-widget-heading\" data-id=\"1f29ecf\" data-element_type=\"widget\" data-e-type=\"widget\" data-widget_type=\"heading.default\">\n\t\t\t\t\t<h3 class=\"elementor-heading-title elementor-size-default\">APPLICABLE LAW<\/h3>\t\t\t\t<\/div>\n\t\t\t\t<div class=\"elementor-element elementor-element-d59c48c elementor-widget elementor-widget-text-editor\" data-id=\"d59c48c\" data-element_type=\"widget\" data-e-type=\"widget\" data-widget_type=\"text-editor.default\">\n\t\t\t\t\t\t\t\t\t<p>These terms of use and the website are governed and interpreted in accordance with the laws of the province of Quebec (Canada) and the laws of Canada applicable therein. Any litigation related to the website will be subject to the exclusive jurisdiction of the courts in the judicial district of Montreal, Quebec.\u00a0<\/p><p>Your rights with respect to your personal information\u00a0\u00a0<\/p><p>As permitted or required by law and in certain cases, Microcr\u00e9dit Montr\u00e9al undertakes to offer you:\u00a0<\/p><ul><li>a right of access or consultation and rectification (correction) to data subjects wishing to consult, modify information concerning them;\u00a0<\/li><li>a right to object to and withdraw your personal information;\u00a0<\/li><li>a right to transfer personal information to a third party.\u00a0<\/li><\/ul><p>\u00a0<\/p><p>Indeed, the right to object is understood as the possibility offered to Internet users to refuse that their personal information be used for certain purposes mentioned at the time of collection. the right of withdrawal is understood as the possibility offered to Internet users to request that their personal information no longer appear, for example, in a mailing list.\u00a0\u00a0<\/p><p>We may need to ask you for specific information in order to confirm your identity and ensure your right to access the information or exercise any of the rights mentioned above in order to ensure that only authorized persons can access your personal information.\u00a0<\/p><p><strong>Changes to this Policy\u00a0<\/strong><\/p><p>Microcr\u00e9dit Montr\u00e9al reserves the right to modify this privacy policy without notice, but while complying with the Act respecting the protection of personal information in the private sector. We therefore invite you to consult it frequently to stay informed about our most recent practices.\u00a0<\/p>\t\t\t\t\t\t\t\t<\/div>\n\t\t\t\t\t<\/div>\n\t\t<\/div>\n\t\t\t\t\t<\/div>\n\t\t<\/section>\n\t\t\t\t<\/div>\n\t\t","protected":false},"excerpt":{"rendered":"<p>Terms of Use of Microcr\u00e9dit Montr\u00e9al\u2019s website We are pleased to welcome you to Microcr\u00e9dit Montr\u00e9al&#8217;s website www.microcreditmontreal.ca (the &#8220;website&#8221;). The use of our website is subject to the following terms of use, as well as our privacy policy. Please do not access the website if you do not fully accept these terms, without limit [&hellip;]<\/p>\n","protected":false},"author":1,"featured_media":0,"parent":0,"menu_order":0,"comment_status":"closed","ping_status":"closed","template":"","meta":{"_acf_changed":false,"footnotes":""},"class_list":["post-10549","page","type-page","status-publish","hentry"],"acf":[],"yoast_head":"<!-- This site is optimized with the Yoast SEO plugin v27.3 - https:\/\/yoast.com\/product\/yoast-seo-wordpress\/ -->\n<title>Terms of Use - Microcr\u00e9dit Montr\u00e9al<\/title>\n<meta name=\"robots\" content=\"index, follow, max-snippet:-1, max-image-preview:large, max-video-preview:-1\" \/>\n<link rel=\"canonical\" href=\"https:\/\/microcreditmontreal.ca\/en\/terms-of-use\/\" \/>\n<meta property=\"og:locale\" content=\"en_US\" \/>\n<meta property=\"og:type\" content=\"article\" \/>\n<meta property=\"og:title\" content=\"Terms of Use - Microcr\u00e9dit Montr\u00e9al\" \/>\n<meta property=\"og:description\" content=\"Terms of Use of Microcr\u00e9dit Montr\u00e9al\u2019s website We are pleased to welcome you to Microcr\u00e9dit Montr\u00e9al&#8217;s website www.microcreditmontreal.ca (the &#8220;website&#8221;). The use of our website is subject to the following terms of use, as well as our privacy policy. Please do not access the website if you do not fully accept these terms, without limit [&hellip;]\" \/>\n<meta property=\"og:url\" content=\"https:\/\/microcreditmontreal.ca\/en\/terms-of-use\/\" \/>\n<meta property=\"og:site_name\" content=\"Microcr\u00e9dit Montr\u00e9al\" \/>\n<meta property=\"article:modified_time\" content=\"2023-09-20T20:15:46+00:00\" \/>\n<meta name=\"twitter:card\" content=\"summary_large_image\" \/>\n<script type=\"application\/ld+json\" class=\"yoast-schema-graph\">{\"@context\":\"https:\\\/\\\/schema.org\",\"@graph\":[{\"@type\":\"WebPage\",\"@id\":\"https:\\\/\\\/microcreditmontreal.ca\\\/en\\\/terms-of-use\\\/\",\"url\":\"https:\\\/\\\/microcreditmontreal.ca\\\/en\\\/terms-of-use\\\/\",\"name\":\"Terms of Use - Microcr\u00e9dit Montr\u00e9al\",\"isPartOf\":{\"@id\":\"https:\\\/\\\/microcreditmontreal.ca\\\/#website\"},\"datePublished\":\"2021-07-09T16:07:59+00:00\",\"dateModified\":\"2023-09-20T20:15:46+00:00\",\"breadcrumb\":{\"@id\":\"https:\\\/\\\/microcreditmontreal.ca\\\/en\\\/terms-of-use\\\/#breadcrumb\"},\"inLanguage\":\"en-US\",\"potentialAction\":[{\"@type\":\"ReadAction\",\"target\":[\"https:\\\/\\\/microcreditmontreal.ca\\\/en\\\/terms-of-use\\\/\"]}]},{\"@type\":\"BreadcrumbList\",\"@id\":\"https:\\\/\\\/microcreditmontreal.ca\\\/en\\\/terms-of-use\\\/#breadcrumb\",\"itemListElement\":[{\"@type\":\"ListItem\",\"position\":1,\"name\":\"Accueil\",\"item\":\"https:\\\/\\\/microcreditmontreal.ca\\\/en\\\/\"},{\"@type\":\"ListItem\",\"position\":2,\"name\":\"Terms of Use\"}]},{\"@type\":\"WebSite\",\"@id\":\"https:\\\/\\\/microcreditmontreal.ca\\\/#website\",\"url\":\"https:\\\/\\\/microcreditmontreal.ca\\\/\",\"name\":\"Microcr\u00e9dit Montr\u00e9al\",\"description\":\"\",\"publisher\":{\"@id\":\"https:\\\/\\\/microcreditmontreal.ca\\\/#organization\"},\"potentialAction\":[{\"@type\":\"SearchAction\",\"target\":{\"@type\":\"EntryPoint\",\"urlTemplate\":\"https:\\\/\\\/microcreditmontreal.ca\\\/?s={search_term_string}\"},\"query-input\":{\"@type\":\"PropertyValueSpecification\",\"valueRequired\":true,\"valueName\":\"search_term_string\"}}],\"inLanguage\":\"en-US\"},{\"@type\":\"Organization\",\"@id\":\"https:\\\/\\\/microcreditmontreal.ca\\\/#organization\",\"name\":\"Microcr\u00e9dit Montr\u00e9al\",\"url\":\"https:\\\/\\\/microcreditmontreal.ca\\\/\",\"logo\":{\"@type\":\"ImageObject\",\"inLanguage\":\"en-US\",\"@id\":\"https:\\\/\\\/microcreditmontreal.ca\\\/#\\\/schema\\\/logo\\\/image\\\/\",\"url\":\"https:\\\/\\\/microcreditmontreal.ca\\\/wp-content\\\/uploads\\\/2025\\\/01\\\/MM_signature35ans.png\",\"contentUrl\":\"https:\\\/\\\/microcreditmontreal.ca\\\/wp-content\\\/uploads\\\/2025\\\/01\\\/MM_signature35ans.png\",\"width\":\"1051\",\"height\":\"333\",\"caption\":\"Microcr\u00e9dit Montr\u00e9al\"},\"image\":{\"@id\":\"https:\\\/\\\/microcreditmontreal.ca\\\/#\\\/schema\\\/logo\\\/image\\\/\"}}]}<\/script>\n<!-- \/ Yoast SEO plugin. -->","yoast_head_json":{"title":"Terms of Use - Microcr\u00e9dit Montr\u00e9al","robots":{"index":"index","follow":"follow","max-snippet":"max-snippet:-1","max-image-preview":"max-image-preview:large","max-video-preview":"max-video-preview:-1"},"canonical":"https:\/\/microcreditmontreal.ca\/en\/terms-of-use\/","og_locale":"en_US","og_type":"article","og_title":"Terms of Use - Microcr\u00e9dit Montr\u00e9al","og_description":"Terms of Use of Microcr\u00e9dit Montr\u00e9al\u2019s website We are pleased to welcome you to Microcr\u00e9dit Montr\u00e9al&#8217;s website www.microcreditmontreal.ca (the &#8220;website&#8221;). The use of our website is subject to the following terms of use, as well as our privacy policy. Please do not access the website if you do not fully accept these terms, without limit [&hellip;]","og_url":"https:\/\/microcreditmontreal.ca\/en\/terms-of-use\/","og_site_name":"Microcr\u00e9dit Montr\u00e9al","article_modified_time":"2023-09-20T20:15:46+00:00","twitter_card":"summary_large_image","schema":{"@context":"https:\/\/schema.org","@graph":[{"@type":"WebPage","@id":"https:\/\/microcreditmontreal.ca\/en\/terms-of-use\/","url":"https:\/\/microcreditmontreal.ca\/en\/terms-of-use\/","name":"Terms of Use - Microcr\u00e9dit Montr\u00e9al","isPartOf":{"@id":"https:\/\/microcreditmontreal.ca\/#website"},"datePublished":"2021-07-09T16:07:59+00:00","dateModified":"2023-09-20T20:15:46+00:00","breadcrumb":{"@id":"https:\/\/microcreditmontreal.ca\/en\/terms-of-use\/#breadcrumb"},"inLanguage":"en-US","potentialAction":[{"@type":"ReadAction","target":["https:\/\/microcreditmontreal.ca\/en\/terms-of-use\/"]}]},{"@type":"BreadcrumbList","@id":"https:\/\/microcreditmontreal.ca\/en\/terms-of-use\/#breadcrumb","itemListElement":[{"@type":"ListItem","position":1,"name":"Accueil","item":"https:\/\/microcreditmontreal.ca\/en\/"},{"@type":"ListItem","position":2,"name":"Terms of Use"}]},{"@type":"WebSite","@id":"https:\/\/microcreditmontreal.ca\/#website","url":"https:\/\/microcreditmontreal.ca\/","name":"Microcr\u00e9dit Montr\u00e9al","description":"","publisher":{"@id":"https:\/\/microcreditmontreal.ca\/#organization"},"potentialAction":[{"@type":"SearchAction","target":{"@type":"EntryPoint","urlTemplate":"https:\/\/microcreditmontreal.ca\/?s={search_term_string}"},"query-input":{"@type":"PropertyValueSpecification","valueRequired":true,"valueName":"search_term_string"}}],"inLanguage":"en-US"},{"@type":"Organization","@id":"https:\/\/microcreditmontreal.ca\/#organization","name":"Microcr\u00e9dit Montr\u00e9al","url":"https:\/\/microcreditmontreal.ca\/","logo":{"@type":"ImageObject","inLanguage":"en-US","@id":"https:\/\/microcreditmontreal.ca\/#\/schema\/logo\/image\/","url":"https:\/\/microcreditmontreal.ca\/wp-content\/uploads\/2025\/01\/MM_signature35ans.png","contentUrl":"https:\/\/microcreditmontreal.ca\/wp-content\/uploads\/2025\/01\/MM_signature35ans.png","width":"1051","height":"333","caption":"Microcr\u00e9dit Montr\u00e9al"},"image":{"@id":"https:\/\/microcreditmontreal.ca\/#\/schema\/logo\/image\/"}}]}},"_links":{"self":[{"href":"https:\/\/microcreditmontreal.ca\/en\/wp-json\/wp\/v2\/pages\/10549","targetHints":{"allow":["GET"]}}],"collection":[{"href":"https:\/\/microcreditmontreal.ca\/en\/wp-json\/wp\/v2\/pages"}],"about":[{"href":"https:\/\/microcreditmontreal.ca\/en\/wp-json\/wp\/v2\/types\/page"}],"author":[{"embeddable":true,"href":"https:\/\/microcreditmontreal.ca\/en\/wp-json\/wp\/v2\/users\/1"}],"replies":[{"embeddable":true,"href":"https:\/\/microcreditmontreal.ca\/en\/wp-json\/wp\/v2\/comments?post=10549"}],"version-history":[{"count":0,"href":"https:\/\/microcreditmontreal.ca\/en\/wp-json\/wp\/v2\/pages\/10549\/revisions"}],"wp:attachment":[{"href":"https:\/\/microcreditmontreal.ca\/en\/wp-json\/wp\/v2\/media?parent=10549"}],"curies":[{"name":"wp","href":"https:\/\/api.w.org\/{rel}","templated":true}]}}